{"id":692,"date":"2020-03-27T23:54:56","date_gmt":"2020-03-27T22:54:56","guid":{"rendered":"https:\/\/isf.edu.ar\/colegio2020\/?page_id=692"},"modified":"2020-03-27T23:54:57","modified_gmt":"2020-03-27T22:54:57","slug":"tutoriales-de-powerpoint-2013","status":"publish","type":"page","link":"https:\/\/isf.edu.ar\/colegio2020\/tutoriales-de-powerpoint-2013\/","title":{"rendered":"Tutoriales de PowerPoint 2013"},"content":{"rendered":"\n<h2 class=\"has-text-align-center wp-block-heading\">Video 1: Presentaci\u00f3n<\/h2>\n\n\n\n<figure class=\"wp-block-embed-youtube wp-block-embed is-type-video is-provider-youtube wp-embed-aspect-16-9 wp-has-aspect-ratio\"><div class=\"wp-block-embed__wrapper\">\n<div class=\"jetpack-video-wrapper\"><iframe loading=\"lazy\" title=\"Curso PowerPoint 2013. Presentaci\u00f3n. V\u00eddeo 1\" width=\"640\" height=\"360\" src=\"https:\/\/www.youtube.com\/embed\/2Gaw1bwqXps?list=PLU8oAlHdN5BmWjtgpPMSVRKu-g8SoAntx\" frameborder=\"0\" allow=\"accelerometer; autoplay; clipboard-write; encrypted-media; gyroscope; picture-in-picture; web-share\" referrerpolicy=\"strict-origin-when-cross-origin\" allowfullscreen><\/iframe><\/div>\n<\/div><\/figure>\n\n\n\n<h2 class=\"has-text-align-center wp-block-heading\">Video 2: Introducci\u00f3n<\/h2>\n\n\n\n<figure class=\"wp-block-embed-youtube wp-block-embed is-type-video is-provider-youtube wp-embed-aspect-16-9 wp-has-aspect-ratio\"><div class=\"wp-block-embed__wrapper\">\n<div class=\"jetpack-video-wrapper\"><iframe loading=\"lazy\" title=\"Curso PowerPoint 2013. Introducci\u00f3n. V\u00eddeo 2\" width=\"640\" height=\"360\" src=\"https:\/\/www.youtube.com\/embed\/pc2B--3842o?list=PLU8oAlHdN5BmWjtgpPMSVRKu-g8SoAntx\" frameborder=\"0\" allow=\"accelerometer; autoplay; clipboard-write; encrypted-media; gyroscope; picture-in-picture; web-share\" referrerpolicy=\"strict-origin-when-cross-origin\" allowfullscreen><\/iframe><\/div>\n<\/div><\/figure>\n\n\n\n<h2 class=\"has-text-align-center wp-block-heading\">Video 3: Trabajo con diapositivas<\/h2>\n\n\n\n<figure class=\"wp-block-embed-youtube wp-block-embed is-type-video is-provider-youtube wp-embed-aspect-16-9 wp-has-aspect-ratio\"><div class=\"wp-block-embed__wrapper\">\n<div class=\"jetpack-video-wrapper\"><iframe loading=\"lazy\" title=\"Curso PowerPoint 2013.  Trabajo con diapositivas. V\u00eddeo 3\" width=\"640\" height=\"360\" src=\"https:\/\/www.youtube.com\/embed\/8Tt7bRzd9MY?list=PLU8oAlHdN5BmWjtgpPMSVRKu-g8SoAntx\" frameborder=\"0\" allow=\"accelerometer; autoplay; clipboard-write; encrypted-media; gyroscope; picture-in-picture; web-share\" referrerpolicy=\"strict-origin-when-cross-origin\" allowfullscreen><\/iframe><\/div>\n<\/div><\/figure>\n\n\n\n<h2 class=\"has-text-align-center wp-block-heading\">Video 4: Trabajo con objetos I<\/h2>\n\n\n\n<figure class=\"wp-block-embed-youtube wp-block-embed is-type-video is-provider-youtube wp-embed-aspect-16-9 wp-has-aspect-ratio\"><div class=\"wp-block-embed__wrapper\">\n<div class=\"jetpack-video-wrapper\"><iframe loading=\"lazy\" title=\"Curso PowerPoint. Trabajo con objetos I. V\u00eddeo 4\" width=\"640\" height=\"360\" src=\"https:\/\/www.youtube.com\/embed\/gjHwiYTu9TQ?list=PLU8oAlHdN5BmWjtgpPMSVRKu-g8SoAntx\" frameborder=\"0\" allow=\"accelerometer; autoplay; clipboard-write; encrypted-media; gyroscope; picture-in-picture; web-share\" referrerpolicy=\"strict-origin-when-cross-origin\" allowfullscreen><\/iframe><\/div>\n<\/div><\/figure>\n\n\n\n<h2 class=\"has-text-align-center wp-block-heading\">Video 5: Trabajo con objetos II<\/h2>\n\n\n\n<figure class=\"wp-block-embed-youtube wp-block-embed is-type-video is-provider-youtube wp-embed-aspect-16-9 wp-has-aspect-ratio\"><div class=\"wp-block-embed__wrapper\">\n<div class=\"jetpack-video-wrapper\"><iframe loading=\"lazy\" title=\"Curso PowerPoint 2013. Trabajo con objetos II.V\u00eddeo 5\" width=\"640\" height=\"360\" src=\"https:\/\/www.youtube.com\/embed\/uskmbutZ_ho?list=PLU8oAlHdN5BmWjtgpPMSVRKu-g8SoAntx\" frameborder=\"0\" allow=\"accelerometer; autoplay; clipboard-write; encrypted-media; gyroscope; picture-in-picture; web-share\" referrerpolicy=\"strict-origin-when-cross-origin\" allowfullscreen><\/iframe><\/div>\n<\/div><\/figure>\n\n\n\n<h2 class=\"has-text-align-center wp-block-heading\">Video 6: Los temas.<\/h2>\n\n\n\n<figure class=\"wp-block-embed-youtube wp-block-embed is-type-video is-provider-youtube wp-embed-aspect-16-9 wp-has-aspect-ratio\"><div class=\"wp-block-embed__wrapper\">\n<div class=\"jetpack-video-wrapper\"><iframe loading=\"lazy\" title=\"Curso PowerPoint. Los temas. V\u00eddeo 6\" width=\"640\" height=\"360\" src=\"https:\/\/www.youtube.com\/embed\/3a4n2pf5wRs?list=PLU8oAlHdN5BmWjtgpPMSVRKu-g8SoAntx\" frameborder=\"0\" allow=\"accelerometer; autoplay; clipboard-write; encrypted-media; gyroscope; picture-in-picture; web-share\" referrerpolicy=\"strict-origin-when-cross-origin\" allowfullscreen><\/iframe><\/div>\n<\/div><\/figure>\n\n\n\n<h2 class=\"has-text-align-center wp-block-heading\">Video 7: Patr\u00f3n de diapositivas I.<\/h2>\n\n\n\n<figure class=\"wp-block-embed-youtube wp-block-embed is-type-video is-provider-youtube wp-embed-aspect-16-9 wp-has-aspect-ratio\"><div class=\"wp-block-embed__wrapper\">\n<div class=\"jetpack-video-wrapper\"><iframe loading=\"lazy\" title=\"Curso PowerPoint 2013. Patr\u00f3n de diapositivas I. V\u00eddeo 7\" width=\"640\" height=\"360\" src=\"https:\/\/www.youtube.com\/embed\/LYMjoLJx9Sg?list=PLU8oAlHdN5BmWjtgpPMSVRKu-g8SoAntx\" frameborder=\"0\" allow=\"accelerometer; autoplay; clipboard-write; encrypted-media; gyroscope; picture-in-picture; web-share\" referrerpolicy=\"strict-origin-when-cross-origin\" allowfullscreen><\/iframe><\/div>\n<\/div><\/figure>\n\n\n\n<h2 class=\"has-text-align-center wp-block-heading\">Video 8: Patr\u00f3n de diapositivas II.<\/h2>\n\n\n\n<figure class=\"wp-block-embed-youtube wp-block-embed is-type-video is-provider-youtube wp-embed-aspect-16-9 wp-has-aspect-ratio\"><div class=\"wp-block-embed__wrapper\">\n<div class=\"jetpack-video-wrapper\"><iframe loading=\"lazy\" title=\"Curso PowerPoint. Patr\u00f3n de diapositivas II. V\u00eddeo 8\" width=\"640\" height=\"360\" src=\"https:\/\/www.youtube.com\/embed\/pw-iABL-mAk?list=PLU8oAlHdN5BmWjtgpPMSVRKu-g8SoAntx\" frameborder=\"0\" allow=\"accelerometer; autoplay; clipboard-write; encrypted-media; gyroscope; picture-in-picture; web-share\" referrerpolicy=\"strict-origin-when-cross-origin\" allowfullscreen><\/iframe><\/div>\n<\/div><\/figure>\n\n\n\n<h2 class=\"has-text-align-center wp-block-heading\">Video 9: Notas del orador.<\/h2>\n\n\n\n<figure class=\"wp-block-embed-youtube wp-block-embed is-type-video is-provider-youtube wp-embed-aspect-16-9 wp-has-aspect-ratio\"><div class=\"wp-block-embed__wrapper\">\n<div class=\"jetpack-video-wrapper\"><iframe loading=\"lazy\" title=\"Curso PowerPoint. Notas del orador. V\u00eddeo 9\" width=\"640\" height=\"360\" src=\"https:\/\/www.youtube.com\/embed\/pTQ9E--lKeQ?list=PLU8oAlHdN5BmWjtgpPMSVRKu-g8SoAntx\" frameborder=\"0\" allow=\"accelerometer; autoplay; clipboard-write; encrypted-media; gyroscope; picture-in-picture; web-share\" referrerpolicy=\"strict-origin-when-cross-origin\" allowfullscreen><\/iframe><\/div>\n<\/div><\/figure>\n\n\n\n<h2 class=\"has-text-align-center wp-block-heading\">Video 10: Patr\u00f3n de notas.<\/h2>\n\n\n\n<figure class=\"wp-block-embed-youtube wp-block-embed is-type-video is-provider-youtube wp-embed-aspect-16-9 wp-has-aspect-ratio\"><div class=\"wp-block-embed__wrapper\">\n<div class=\"jetpack-video-wrapper\"><iframe loading=\"lazy\" title=\"Curso PowerPoint 2013. Patr\u00f3n de notas. V\u00eddeo 10\" width=\"640\" height=\"360\" src=\"https:\/\/www.youtube.com\/embed\/OPu2yA9XttE?list=PLU8oAlHdN5BmWjtgpPMSVRKu-g8SoAntx\" frameborder=\"0\" allow=\"accelerometer; autoplay; clipboard-write; encrypted-media; gyroscope; picture-in-picture; web-share\" referrerpolicy=\"strict-origin-when-cross-origin\" allowfullscreen><\/iframe><\/div>\n<\/div><\/figure>\n\n\n\n<h2 class=\"has-text-align-center wp-block-heading\">Video 11: Trabajo con tablas.<\/h2>\n\n\n\n<figure class=\"wp-block-embed-youtube wp-block-embed is-type-video is-provider-youtube wp-embed-aspect-16-9 wp-has-aspect-ratio\"><div class=\"wp-block-embed__wrapper\">\n<div class=\"jetpack-video-wrapper\"><iframe loading=\"lazy\" title=\"Curso PowerPoint 2013. Trabajo con tablas. V\u00eddeo 11\" width=\"640\" height=\"360\" src=\"https:\/\/www.youtube.com\/embed\/HZDXQTenpAQ?list=PLU8oAlHdN5BmWjtgpPMSVRKu-g8SoAntx\" frameborder=\"0\" allow=\"accelerometer; autoplay; clipboard-write; encrypted-media; gyroscope; picture-in-picture; web-share\" referrerpolicy=\"strict-origin-when-cross-origin\" allowfullscreen><\/iframe><\/div>\n<\/div><\/figure>\n\n\n\n<h2 class=\"has-text-align-center wp-block-heading\">Video 12: Trabajo con im\u00e1genes.<\/h2>\n\n\n\n<figure class=\"wp-block-embed-youtube wp-block-embed is-type-video is-provider-youtube wp-embed-aspect-16-9 wp-has-aspect-ratio\"><div class=\"wp-block-embed__wrapper\">\n<div class=\"jetpack-video-wrapper\"><iframe loading=\"lazy\" title=\"Curso PowerPoint 2013. Trabajo con im\u00e1genes. V\u00eddeo 12\" width=\"640\" height=\"360\" src=\"https:\/\/www.youtube.com\/embed\/8MGgaIU6miU?list=PLU8oAlHdN5BmWjtgpPMSVRKu-g8SoAntx\" frameborder=\"0\" allow=\"accelerometer; autoplay; clipboard-write; encrypted-media; gyroscope; picture-in-picture; web-share\" referrerpolicy=\"strict-origin-when-cross-origin\" allowfullscreen><\/iframe><\/div>\n<\/div><\/figure>\n\n\n\n<h2 class=\"has-text-align-center wp-block-heading\">Video 13: Trabajo con gr\u00e1ficos.<\/h2>\n\n\n\n<figure class=\"wp-block-embed-youtube wp-block-embed is-type-video is-provider-youtube wp-embed-aspect-16-9 wp-has-aspect-ratio\"><div class=\"wp-block-embed__wrapper\">\n<div class=\"jetpack-video-wrapper\"><iframe loading=\"lazy\" title=\"Curso PowerPoint 2013. Trabajo con gr\u00e1ficos. V\u00eddeo 13\" width=\"640\" height=\"360\" src=\"https:\/\/www.youtube.com\/embed\/6cI93iRYzCg?list=PLU8oAlHdN5BmWjtgpPMSVRKu-g8SoAntx\" frameborder=\"0\" allow=\"accelerometer; autoplay; clipboard-write; encrypted-media; gyroscope; picture-in-picture; web-share\" referrerpolicy=\"strict-origin-when-cross-origin\" allowfullscreen><\/iframe><\/div>\n<\/div><\/figure>\n\n\n\n<h2 class=\"has-text-align-center wp-block-heading\">Video 14: Trabajo con formas.<\/h2>\n\n\n\n<figure class=\"wp-block-embed-youtube wp-block-embed is-type-video is-provider-youtube wp-embed-aspect-16-9 wp-has-aspect-ratio\"><div class=\"wp-block-embed__wrapper\">\n<div class=\"jetpack-video-wrapper\"><iframe loading=\"lazy\" title=\"Curso PowerPoint 2013. Trabajo con formas. V\u00eddeo 14\" width=\"640\" height=\"360\" src=\"https:\/\/www.youtube.com\/embed\/VClMtV9PUlQ?list=PLU8oAlHdN5BmWjtgpPMSVRKu-g8SoAntx\" frameborder=\"0\" allow=\"accelerometer; autoplay; clipboard-write; encrypted-media; gyroscope; picture-in-picture; web-share\" referrerpolicy=\"strict-origin-when-cross-origin\" allowfullscreen><\/iframe><\/div>\n<\/div><\/figure>\n\n\n\n<h2 class=\"has-text-align-center wp-block-heading\">Video 15: SmartArt.<\/h2>\n\n\n\n<figure class=\"wp-block-embed-youtube wp-block-embed is-type-video is-provider-youtube wp-embed-aspect-16-9 wp-has-aspect-ratio\"><div class=\"wp-block-embed__wrapper\">\n<div class=\"jetpack-video-wrapper\"><iframe loading=\"lazy\" title=\"Curso PowerPoint 2013. SmartArt. V\u00eddeo 15\" width=\"640\" height=\"360\" src=\"https:\/\/www.youtube.com\/embed\/wsDe1xM75rI?list=PLU8oAlHdN5BmWjtgpPMSVRKu-g8SoAntx\" frameborder=\"0\" allow=\"accelerometer; autoplay; clipboard-write; encrypted-media; gyroscope; picture-in-picture; web-share\" referrerpolicy=\"strict-origin-when-cross-origin\" allowfullscreen><\/iframe><\/div>\n<\/div><\/figure>\n\n\n\n<h2 class=\"has-text-align-center wp-block-heading\">Video 16: Insertar v\u00eddeos. <\/h2>\n\n\n\n<figure class=\"wp-block-embed-youtube wp-block-embed is-type-video is-provider-youtube wp-embed-aspect-16-9 wp-has-aspect-ratio\"><div class=\"wp-block-embed__wrapper\">\n<div class=\"jetpack-video-wrapper\"><iframe loading=\"lazy\" title=\"Curso PowerPoint 2013. Insertar v\u00eddeos. V\u00eddeo 16\" width=\"640\" height=\"360\" src=\"https:\/\/www.youtube.com\/embed\/05l-UA0p_-0?list=PLU8oAlHdN5BmWjtgpPMSVRKu-g8SoAntx\" frameborder=\"0\" allow=\"accelerometer; autoplay; clipboard-write; encrypted-media; gyroscope; picture-in-picture; web-share\" referrerpolicy=\"strict-origin-when-cross-origin\" allowfullscreen><\/iframe><\/div>\n<\/div><\/figure>\n\n\n\n<h2 class=\"has-text-align-center wp-block-heading\">Video 17: Insertar audio.<\/h2>\n\n\n\n<figure class=\"wp-block-embed-youtube wp-block-embed is-type-video is-provider-youtube wp-embed-aspect-16-9 wp-has-aspect-ratio\"><div class=\"wp-block-embed__wrapper\">\n<div class=\"jetpack-video-wrapper\"><iframe loading=\"lazy\" title=\"Curso PowerPoint 2013. Insertar audio. V\u00eddeo 17\" width=\"640\" height=\"360\" src=\"https:\/\/www.youtube.com\/embed\/_fgYXIePYDw?list=PLU8oAlHdN5BmWjtgpPMSVRKu-g8SoAntx\" frameborder=\"0\" allow=\"accelerometer; autoplay; clipboard-write; encrypted-media; gyroscope; picture-in-picture; web-share\" referrerpolicy=\"strict-origin-when-cross-origin\" allowfullscreen><\/iframe><\/div>\n<\/div><\/figure>\n\n\n\n<h2 class=\"has-text-align-center wp-block-heading\">Video 18: Animaciones I<\/h2>\n\n\n\n<figure class=\"wp-block-embed-youtube wp-block-embed is-type-video is-provider-youtube wp-embed-aspect-16-9 wp-has-aspect-ratio\"><div class=\"wp-block-embed__wrapper\">\n<div class=\"jetpack-video-wrapper\"><iframe loading=\"lazy\" title=\"Curso PowerPoint 2013. Animaciones I. V\u00eddeo 18\" width=\"640\" height=\"360\" src=\"https:\/\/www.youtube.com\/embed\/FiEVzzM2t3U?list=PLU8oAlHdN5BmWjtgpPMSVRKu-g8SoAntx\" frameborder=\"0\" allow=\"accelerometer; autoplay; clipboard-write; encrypted-media; gyroscope; picture-in-picture; web-share\" referrerpolicy=\"strict-origin-when-cross-origin\" allowfullscreen><\/iframe><\/div>\n<\/div><\/figure>\n\n\n\n<h2 class=\"has-text-align-center wp-block-heading\">Video 19: Animaciones II.<\/h2>\n\n\n\n<figure class=\"wp-block-embed-youtube wp-block-embed is-type-video is-provider-youtube wp-embed-aspect-16-9 wp-has-aspect-ratio\"><div class=\"wp-block-embed__wrapper\">\n<div class=\"jetpack-video-wrapper\"><iframe loading=\"lazy\" title=\"Curso PowerPoint 2013. Animaciones II. V\u00eddeo 19\" width=\"640\" height=\"360\" src=\"https:\/\/www.youtube.com\/embed\/aE-hLB9dwX8?list=PLU8oAlHdN5BmWjtgpPMSVRKu-g8SoAntx\" frameborder=\"0\" allow=\"accelerometer; autoplay; clipboard-write; encrypted-media; gyroscope; picture-in-picture; web-share\" referrerpolicy=\"strict-origin-when-cross-origin\" allowfullscreen><\/iframe><\/div>\n<\/div><\/figure>\n\n\n\n<h2 class=\"has-text-align-center wp-block-heading\">Video 20: Transiciones. <\/h2>\n\n\n\n<figure class=\"wp-block-embed-youtube wp-block-embed is-type-video is-provider-youtube wp-embed-aspect-16-9 wp-has-aspect-ratio\"><div class=\"wp-block-embed__wrapper\">\n<div class=\"jetpack-video-wrapper\"><iframe loading=\"lazy\" title=\"Curso PowerPoint 2013. Transiciones. V\u00eddeo 20\" width=\"640\" height=\"360\" src=\"https:\/\/www.youtube.com\/embed\/1Uy1hBEUu_4?list=PLU8oAlHdN5BmWjtgpPMSVRKu-g8SoAntx\" frameborder=\"0\" allow=\"accelerometer; autoplay; clipboard-write; encrypted-media; gyroscope; picture-in-picture; web-share\" referrerpolicy=\"strict-origin-when-cross-origin\" allowfullscreen><\/iframe><\/div>\n<\/div><\/figure>\n\n\n\n<h2 class=\"has-text-align-center wp-block-heading\">Video 21: Configurar presentaciones.<\/h2>\n\n\n\n<figure class=\"wp-block-embed-youtube wp-block-embed is-type-video is-provider-youtube wp-embed-aspect-16-9 wp-has-aspect-ratio\"><div class=\"wp-block-embed__wrapper\">\n<div class=\"jetpack-video-wrapper\"><iframe loading=\"lazy\" title=\"Curso PowerPoint 2013. Configurar presentaciones. V\u00eddeo 21\" width=\"640\" height=\"360\" src=\"https:\/\/www.youtube.com\/embed\/8UvkRpecN8k?list=PLU8oAlHdN5BmWjtgpPMSVRKu-g8SoAntx\" frameborder=\"0\" allow=\"accelerometer; autoplay; clipboard-write; encrypted-media; gyroscope; picture-in-picture; web-share\" referrerpolicy=\"strict-origin-when-cross-origin\" allowfullscreen><\/iframe><\/div>\n<\/div><\/figure>\n\n\n\n<h2 class=\"has-text-align-center wp-block-heading\">Video 22: Hiperv\u00ednculos y acciones. <\/h2>\n\n\n\n<figure class=\"wp-block-embed-youtube wp-block-embed is-type-video is-provider-youtube wp-embed-aspect-16-9 wp-has-aspect-ratio\"><div class=\"wp-block-embed__wrapper\">\n<div class=\"jetpack-video-wrapper\"><iframe loading=\"lazy\" title=\"Curso PowerPoint 2013. Hiperv\u00ednculos y acciones. V\u00eddeo 22\" width=\"640\" height=\"360\" src=\"https:\/\/www.youtube.com\/embed\/Jry-w49tGV8?list=PLU8oAlHdN5BmWjtgpPMSVRKu-g8SoAntx\" frameborder=\"0\" allow=\"accelerometer; autoplay; clipboard-write; encrypted-media; gyroscope; picture-in-picture; web-share\" referrerpolicy=\"strict-origin-when-cross-origin\" allowfullscreen><\/iframe><\/div>\n<\/div><\/figure>\n\n\n\n<h2 class=\"has-text-align-center wp-block-heading\">Video 23: Impresi\u00f3n.<\/h2>\n\n\n\n<figure class=\"wp-block-embed-youtube wp-block-embed is-type-video is-provider-youtube wp-embed-aspect-16-9 wp-has-aspect-ratio\"><div class=\"wp-block-embed__wrapper\">\n<div class=\"jetpack-video-wrapper\"><iframe loading=\"lazy\" title=\"Curso PowerPoint 2013. Impresi\u00f3n. V\u00eddeo 23\" width=\"640\" height=\"360\" src=\"https:\/\/www.youtube.com\/embed\/KG0tZ3CTz44?list=PLU8oAlHdN5BmWjtgpPMSVRKu-g8SoAntx\" frameborder=\"0\" allow=\"accelerometer; autoplay; clipboard-write; encrypted-media; gyroscope; picture-in-picture; web-share\" referrerpolicy=\"strict-origin-when-cross-origin\" allowfullscreen><\/iframe><\/div>\n<\/div><\/figure>\n","protected":false},"excerpt":{"rendered":"<p>Video 1: Presentaci\u00f3n Video 2: Introducci\u00f3n Video 3: Trabajo con diapositivas Video 4: Trabajo con objetos I Video 5: Trabajo con objetos II Video 6: Los temas. Video 7: Patr\u00f3n de diapositivas I. Video 8: Patr\u00f3n de diapositivas II. Video 9: Notas del orador. Video 10: Patr\u00f3n de notas. Video 11: Trabajo con tablas. Video&hellip;<\/p>\n","protected":false},"author":1,"featured_media":0,"parent":0,"menu_order":0,"comment_status":"closed","ping_status":"closed","template":"","meta":{"cybocfi_hide_featured_image":"","footnotes":""},"class_list":["post-692","page","type-page","status-publish","hentry"],"jetpack_sharing_enabled":true,"_links":{"self":[{"href":"https:\/\/isf.edu.ar\/colegio2020\/wp-json\/wp\/v2\/pages\/692","targetHints":{"allow":["GET"]}}],"collection":[{"href":"https:\/\/isf.edu.ar\/colegio2020\/wp-json\/wp\/v2\/pages"}],"about":[{"href":"https:\/\/isf.edu.ar\/colegio2020\/wp-json\/wp\/v2\/types\/page"}],"author":[{"embeddable":true,"href":"https:\/\/isf.edu.ar\/colegio2020\/wp-json\/wp\/v2\/users\/1"}],"replies":[{"embeddable":true,"href":"https:\/\/isf.edu.ar\/colegio2020\/wp-json\/wp\/v2\/comments?post=692"}],"version-history":[{"count":1,"href":"https:\/\/isf.edu.ar\/colegio2020\/wp-json\/wp\/v2\/pages\/692\/revisions"}],"predecessor-version":[{"id":693,"href":"https:\/\/isf.edu.ar\/colegio2020\/wp-json\/wp\/v2\/pages\/692\/revisions\/693"}],"wp:attachment":[{"href":"https:\/\/isf.edu.ar\/colegio2020\/wp-json\/wp\/v2\/media?parent=692"}],"curies":[{"name":"wp","href":"https:\/\/api.w.org\/{rel}","templated":true}]}}