{"id":682,"date":"2020-03-27T22:16:43","date_gmt":"2020-03-27T21:16:43","guid":{"rendered":"https:\/\/isf.edu.ar\/colegio2020\/?page_id=682"},"modified":"2020-03-27T22:16:44","modified_gmt":"2020-03-27T21:16:44","slug":"tutoriales-google-drive","status":"publish","type":"page","link":"https:\/\/isf.edu.ar\/colegio2020\/tutoriales-google-drive\/","title":{"rendered":"Tutoriales Google Drive"},"content":{"rendered":"\n<h2 class=\"has-text-align-center wp-block-heading\">C\u00f3mo Compartir archivos y carpetas en Google Drive.<\/h2>\n\n\n\n<figure class=\"wp-block-embed-youtube wp-block-embed is-type-video is-provider-youtube wp-embed-aspect-16-9 wp-has-aspect-ratio\"><div class=\"wp-block-embed__wrapper\">\n<div class=\"jetpack-video-wrapper\"><iframe loading=\"lazy\" title=\"\ud83d\udfe1 C\u00f3mo COMPARTIR en DRIVE archivos y carpetas. Tutorial completo #Drive\" width=\"640\" height=\"360\" src=\"https:\/\/www.youtube.com\/embed\/-kz2Ajg5G4Y?feature=oembed\" frameborder=\"0\" allow=\"accelerometer; autoplay; clipboard-write; encrypted-media; gyroscope; picture-in-picture; web-share\" referrerpolicy=\"strict-origin-when-cross-origin\" allowfullscreen><\/iframe><\/div>\n<\/div><\/figure>\n\n\n\n<h2 class=\"has-text-align-center wp-block-heading\">Compartir archivos con Google Drive desde el celular<\/h2>\n\n\n\n<figure class=\"wp-block-embed-youtube wp-block-embed is-type-video is-provider-youtube wp-embed-aspect-16-9 wp-has-aspect-ratio\"><div class=\"wp-block-embed__wrapper\">\n<div class=\"jetpack-video-wrapper\"><iframe loading=\"lazy\" title=\"Compartir archivos con Google Drive Gratis\" width=\"640\" height=\"360\" src=\"https:\/\/www.youtube.com\/embed\/ggbOmEq5Q6U?feature=oembed\" frameborder=\"0\" allow=\"accelerometer; autoplay; clipboard-write; encrypted-media; gyroscope; picture-in-picture; web-share\" referrerpolicy=\"strict-origin-when-cross-origin\" allowfullscreen><\/iframe><\/div>\n<\/div><\/figure>\n\n\n\n<h2 class=\"has-text-align-center wp-block-heading\">Google Docs: Documentos de Google.<\/h2>\n\n\n\n<figure class=\"wp-block-embed-youtube wp-block-embed is-type-video is-provider-youtube wp-embed-aspect-16-9 wp-has-aspect-ratio\"><div class=\"wp-block-embed__wrapper\">\n<div class=\"jetpack-video-wrapper\"><iframe loading=\"lazy\" title=\"\ud83d\udd35C\u00f3mo usar Google DOCS.| Tutorial completo | Competencia Digital\" width=\"640\" height=\"360\" src=\"https:\/\/www.youtube.com\/embed\/dtxab9pjXBY?feature=oembed\" frameborder=\"0\" allow=\"accelerometer; autoplay; clipboard-write; encrypted-media; gyroscope; picture-in-picture; web-share\" referrerpolicy=\"strict-origin-when-cross-origin\" allowfullscreen><\/iframe><\/div>\n<\/div><\/figure>\n\n\n\n<h2 class=\"has-text-align-center wp-block-heading\">Google Slides: Presentaciones<\/h2>\n\n\n\n<figure class=\"wp-block-embed-youtube wp-block-embed is-type-video is-provider-youtube wp-embed-aspect-16-9 wp-has-aspect-ratio\"><div class=\"wp-block-embed__wrapper\">\n<div class=\"jetpack-video-wrapper\"><iframe loading=\"lazy\" title=\"\ud83c\udf87C\u00f3mo usar GOOGLE SLIDES-Presentaciones-Tutorial GSuite #Slides\" width=\"640\" height=\"360\" src=\"https:\/\/www.youtube.com\/embed\/lotzX4lNjV8?feature=oembed\" frameborder=\"0\" allow=\"accelerometer; autoplay; clipboard-write; encrypted-media; gyroscope; picture-in-picture; web-share\" referrerpolicy=\"strict-origin-when-cross-origin\" allowfullscreen><\/iframe><\/div>\n<\/div><\/figure>\n\n\n\n<h2 class=\"has-text-align-center wp-block-heading\">Google Hojas de c\u00e1lculos.<\/h2>\n\n\n\n<figure class=\"wp-block-embed-youtube wp-block-embed is-type-video is-provider-youtube wp-embed-aspect-16-9 wp-has-aspect-ratio\"><div class=\"wp-block-embed__wrapper\">\n<div class=\"jetpack-video-wrapper\"><iframe loading=\"lazy\" title=\"\u2705C\u00f3mo usar HOJAS de C\u00c1LCULO -Google Spreadsheet-Tutorial Workspace #C\u00e1lculo\" width=\"640\" height=\"360\" src=\"https:\/\/www.youtube.com\/embed\/K_l3lA2dRzA?feature=oembed\" frameborder=\"0\" allow=\"accelerometer; autoplay; clipboard-write; encrypted-media; gyroscope; picture-in-picture; web-share\" referrerpolicy=\"strict-origin-when-cross-origin\" allowfullscreen><\/iframe><\/div>\n<\/div><\/figure>\n\n\n\n<h2 class=\"has-text-align-center wp-block-heading\">Google Forms: Formularios<\/h2>\n\n\n\n<figure class=\"wp-block-embed-youtube wp-block-embed is-type-video is-provider-youtube wp-embed-aspect-16-9 wp-has-aspect-ratio\"><div class=\"wp-block-embed__wrapper\">\n<div class=\"jetpack-video-wrapper\"><iframe loading=\"lazy\" title=\"\ud83d\udfe3 C\u00f3mo usar GOOGLE FORMULARIOS | Completo | #Formularios\" width=\"640\" height=\"360\" src=\"https:\/\/www.youtube.com\/embed\/19a0D5v1PVg?feature=oembed\" frameborder=\"0\" allow=\"accelerometer; autoplay; clipboard-write; encrypted-media; gyroscope; picture-in-picture; web-share\" referrerpolicy=\"strict-origin-when-cross-origin\" allowfullscreen><\/iframe><\/div>\n<\/div><\/figure>\n","protected":false},"excerpt":{"rendered":"<p>C\u00f3mo Compartir archivos y carpetas en Google Drive. Compartir archivos con Google Drive desde el celular Google Docs: Documentos de Google. Google Slides: Presentaciones Google Hojas de c\u00e1lculos. Google Forms: Formularios<\/p>\n","protected":false},"author":1,"featured_media":0,"parent":0,"menu_order":0,"comment_status":"closed","ping_status":"closed","template":"","meta":{"cybocfi_hide_featured_image":"","footnotes":""},"class_list":["post-682","page","type-page","status-publish","hentry"],"jetpack_sharing_enabled":true,"_links":{"self":[{"href":"https:\/\/isf.edu.ar\/colegio2020\/wp-json\/wp\/v2\/pages\/682","targetHints":{"allow":["GET"]}}],"collection":[{"href":"https:\/\/isf.edu.ar\/colegio2020\/wp-json\/wp\/v2\/pages"}],"about":[{"href":"https:\/\/isf.edu.ar\/colegio2020\/wp-json\/wp\/v2\/types\/page"}],"author":[{"embeddable":true,"href":"https:\/\/isf.edu.ar\/colegio2020\/wp-json\/wp\/v2\/users\/1"}],"replies":[{"embeddable":true,"href":"https:\/\/isf.edu.ar\/colegio2020\/wp-json\/wp\/v2\/comments?post=682"}],"version-history":[{"count":2,"href":"https:\/\/isf.edu.ar\/colegio2020\/wp-json\/wp\/v2\/pages\/682\/revisions"}],"predecessor-version":[{"id":684,"href":"https:\/\/isf.edu.ar\/colegio2020\/wp-json\/wp\/v2\/pages\/682\/revisions\/684"}],"wp:attachment":[{"href":"https:\/\/isf.edu.ar\/colegio2020\/wp-json\/wp\/v2\/media?parent=682"}],"curies":[{"name":"wp","href":"https:\/\/api.w.org\/{rel}","templated":true}]}}