{"id":673,"date":"2020-03-27T20:50:52","date_gmt":"2020-03-27T19:50:52","guid":{"rendered":"https:\/\/isf.edu.ar\/colegio2020\/?page_id=673"},"modified":"2020-03-27T21:24:43","modified_gmt":"2020-03-27T20:24:43","slug":"tutoriales-de-gmail","status":"publish","type":"page","link":"https:\/\/isf.edu.ar\/colegio2020\/tutoriales-de-gmail\/","title":{"rendered":"Tutoriales de GMAIL"},"content":{"rendered":"\n<h2 class=\"has-text-align-center wp-block-heading\">Crear una cuenta de correo electr\u00f3nico en Gmail.<\/h2>\n\n\n\n<figure class=\"wp-block-embed-youtube wp-block-embed is-type-video is-provider-youtube wp-embed-aspect-16-9 wp-has-aspect-ratio\"><div class=\"wp-block-embed__wrapper\">\n<div class=\"jetpack-video-wrapper\"><iframe loading=\"lazy\" title=\"\ud83d\udce9 C\u00f3mo Crear una Cuenta de Gmail 2020 | Crea tu Propio CORREO ELECTR\u00d3NICO Gratis  \ud83d\ude04\" width=\"640\" height=\"360\" src=\"https:\/\/www.youtube.com\/embed\/Y7nSK2e_xBI?start=34&#038;feature=oembed\" frameborder=\"0\" allow=\"accelerometer; autoplay; clipboard-write; encrypted-media; gyroscope; picture-in-picture; web-share\" referrerpolicy=\"strict-origin-when-cross-origin\" allowfullscreen><\/iframe><\/div>\n<\/div><\/figure>\n\n\n\n<h2 class=\"has-text-align-center wp-block-heading\">Enviar un correo electr\u00f3nico a trav\u00e9s de Gmail.<\/h2>\n\n\n\n<figure class=\"wp-block-embed-youtube wp-block-embed is-type-video is-provider-youtube wp-embed-aspect-16-9 wp-has-aspect-ratio\"><div class=\"wp-block-embed__wrapper\">\n<div class=\"jetpack-video-wrapper\"><iframe loading=\"lazy\" title=\"\u00bfC\u00f3mo enviar un correo electr\u00f3nico en Gmail?\" width=\"640\" height=\"360\" src=\"https:\/\/www.youtube.com\/embed\/0BSzOIHwvWs?feature=oembed\" frameborder=\"0\" allow=\"accelerometer; autoplay; clipboard-write; encrypted-media; gyroscope; picture-in-picture; web-share\" referrerpolicy=\"strict-origin-when-cross-origin\" allowfullscreen><\/iframe><\/div>\n<\/div><\/figure>\n\n\n\n<h2 class=\"has-text-align-center wp-block-heading\">Adjuntar archivos en Gmail.<\/h2>\n\n\n\n<figure class=\"wp-block-embed-youtube wp-block-embed is-type-video is-provider-youtube wp-embed-aspect-16-9 wp-has-aspect-ratio\"><div class=\"wp-block-embed__wrapper\">\n<div class=\"jetpack-video-wrapper\"><iframe loading=\"lazy\" title=\"Gmail \u2013 \u00bfC\u00f3mo Adjuntar Archivos?\" width=\"640\" height=\"360\" src=\"https:\/\/www.youtube.com\/embed\/7IY1zkPgq-4?feature=oembed\" frameborder=\"0\" allow=\"accelerometer; autoplay; clipboard-write; encrypted-media; gyroscope; picture-in-picture; web-share\" referrerpolicy=\"strict-origin-when-cross-origin\" allowfullscreen><\/iframe><\/div>\n<\/div><\/figure>\n","protected":false},"excerpt":{"rendered":"<p>Crear una cuenta de correo electr\u00f3nico en Gmail. Enviar un correo electr\u00f3nico a trav\u00e9s de Gmail. Adjuntar archivos en Gmail.<\/p>\n","protected":false},"author":1,"featured_media":0,"parent":0,"menu_order":0,"comment_status":"closed","ping_status":"closed","template":"","meta":{"cybocfi_hide_featured_image":"","footnotes":""},"class_list":["post-673","page","type-page","status-publish","hentry"],"jetpack_sharing_enabled":true,"_links":{"self":[{"href":"https:\/\/isf.edu.ar\/colegio2020\/wp-json\/wp\/v2\/pages\/673","targetHints":{"allow":["GET"]}}],"collection":[{"href":"https:\/\/isf.edu.ar\/colegio2020\/wp-json\/wp\/v2\/pages"}],"about":[{"href":"https:\/\/isf.edu.ar\/colegio2020\/wp-json\/wp\/v2\/types\/page"}],"author":[{"embeddable":true,"href":"https:\/\/isf.edu.ar\/colegio2020\/wp-json\/wp\/v2\/users\/1"}],"replies":[{"embeddable":true,"href":"https:\/\/isf.edu.ar\/colegio2020\/wp-json\/wp\/v2\/comments?post=673"}],"version-history":[{"count":3,"href":"https:\/\/isf.edu.ar\/colegio2020\/wp-json\/wp\/v2\/pages\/673\/revisions"}],"predecessor-version":[{"id":678,"href":"https:\/\/isf.edu.ar\/colegio2020\/wp-json\/wp\/v2\/pages\/673\/revisions\/678"}],"wp:attachment":[{"href":"https:\/\/isf.edu.ar\/colegio2020\/wp-json\/wp\/v2\/media?parent=673"}],"curies":[{"name":"wp","href":"https:\/\/api.w.org\/{rel}","templated":true}]}}