{"id":2551,"date":"2026-03-08T21:15:30","date_gmt":"2026-03-09T00:15:30","guid":{"rendered":"https:\/\/isf.edu.ar\/colegio2020\/?page_id=2551"},"modified":"2026-03-08T21:35:08","modified_gmt":"2026-03-09T00:35:08","slug":"presentacion-del-colegio","status":"publish","type":"page","link":"https:\/\/isf.edu.ar\/colegio2020\/presentacion-del-colegio\/","title":{"rendered":"Presentaci\u00f3n del colegio"},"content":{"rendered":"\n<p class=\"has-medium-font-size\">El Colegio e Instituto Sagrada Familia es una comunidad educativa comprometida con la formaci\u00f3n integral de ni\u00f1os y j\u00f3venes, basada en valores humanos, acad\u00e9micos y sociales. A trav\u00e9s de sus distintos niveles educativos, el colegio busca acompa\u00f1ar a cada estudiante en su proceso de aprendizaje, promoviendo el desarrollo del pensamiento cr\u00edtico, la creatividad y la responsabilidad.<\/p>\n\n\n\n<p class=\"has-medium-font-size\">Nuestra propuesta educativa integra conocimientos acad\u00e9micos, formaci\u00f3n en valores y experiencias que favorecen el crecimiento personal y el compromiso con la comunidad. Mediante proyectos educativos, actividades institucionales y el acompa\u00f1amiento cercano de docentes y directivos, el colegio procura generar un ambiente de aprendizaje significativo y participativo.<\/p>\n\n\n\n<p class=\"has-medium-font-size\">El Colegio e Instituto Sagrada Familia trabaja para formar estudiantes capaces de enfrentar los desaf\u00edos del mundo actual, fomentando la convivencia, el respeto, la solidaridad y el compromiso con la sociedad.<\/p>\n\n\n\n<p><\/p>\n\n\n\n<div id=\"section-g-v811dm7\" class=\"wp-block-gutentor-e6 section-g-v811dm7 gutentor-element gutentor-element-image text-align-center-desktop\"><div class=\"gutentor-element-image-box\"><div class=\"gutentor-image-thumb\"><img decoding=\"async\" class=\"normal-image\" src=\"https:\/\/isf.edu.ar\/colegio2020\/wp-content\/uploads\/2023\/09\/Foto-Frente-1024x678.jpg\"\/><\/div><\/div><\/div>\n","protected":false},"excerpt":{"rendered":"<p>El Colegio e Instituto Sagrada Familia es una comunidad educativa comprometida con la formaci\u00f3n integral de ni\u00f1os y j\u00f3venes, basada en valores humanos, acad\u00e9micos y sociales. A trav\u00e9s de sus distintos niveles educativos, el colegio busca acompa\u00f1ar a cada estudiante en su proceso de aprendizaje, promoviendo el desarrollo del pensamiento cr\u00edtico, la creatividad y la&hellip;<\/p>\n","protected":false},"author":1,"featured_media":1794,"parent":0,"menu_order":0,"comment_status":"closed","ping_status":"closed","template":"","meta":{"cybocfi_hide_featured_image":"yes","footnotes":""},"class_list":["post-2551","page","type-page","status-publish","has-post-thumbnail","hentry"],"jetpack_sharing_enabled":true,"_links":{"self":[{"href":"https:\/\/isf.edu.ar\/colegio2020\/wp-json\/wp\/v2\/pages\/2551","targetHints":{"allow":["GET"]}}],"collection":[{"href":"https:\/\/isf.edu.ar\/colegio2020\/wp-json\/wp\/v2\/pages"}],"about":[{"href":"https:\/\/isf.edu.ar\/colegio2020\/wp-json\/wp\/v2\/types\/page"}],"author":[{"embeddable":true,"href":"https:\/\/isf.edu.ar\/colegio2020\/wp-json\/wp\/v2\/users\/1"}],"replies":[{"embeddable":true,"href":"https:\/\/isf.edu.ar\/colegio2020\/wp-json\/wp\/v2\/comments?post=2551"}],"version-history":[{"count":7,"href":"https:\/\/isf.edu.ar\/colegio2020\/wp-json\/wp\/v2\/pages\/2551\/revisions"}],"predecessor-version":[{"id":2568,"href":"https:\/\/isf.edu.ar\/colegio2020\/wp-json\/wp\/v2\/pages\/2551\/revisions\/2568"}],"wp:featuredmedia":[{"embeddable":true,"href":"https:\/\/isf.edu.ar\/colegio2020\/wp-json\/wp\/v2\/media\/1794"}],"wp:attachment":[{"href":"https:\/\/isf.edu.ar\/colegio2020\/wp-json\/wp\/v2\/media?parent=2551"}],"curies":[{"name":"wp","href":"https:\/\/api.w.org\/{rel}","templated":true}]}}