{"id":1372,"date":"2022-11-05T21:15:10","date_gmt":"2022-11-05T20:15:10","guid":{"rendered":"https:\/\/isf.edu.ar\/colegio2020\/?page_id=1372"},"modified":"2026-02-23T22:27:25","modified_gmt":"2026-02-24T01:27:25","slug":"inscripciones","status":"publish","type":"page","link":"https:\/\/isf.edu.ar\/colegio2020\/inscripciones\/","title":{"rendered":"Inscripciones 2026 &#8211; Nivel Superior"},"content":{"rendered":"\n<h3 class=\"wp-block-heading has-medium-font-size\">La matr\u00edcula para el a\u00f1o 2026, se encuentra abierta a partir de este mes de octubre de 2025.<\/h3>\n\n\n\n<h3 class=\"wp-block-heading has-medium-font-size\"><strong>Documentaci\u00f3n para matricularse:<\/strong><\/h3>\n\n\n\n<ul class=\"wp-block-list has-medium-font-size\">\n<li class=\"has-vivid-red-color has-text-color has-link-color wp-elements-a5d170a30df5f8ebe9dc5fb8c7f018ff\"><a href=\"https:\/\/isf.edu.ar\/colegio2020\/wp-content\/uploads\/2025\/10\/Instructivo-matricula-2026.pdf\" target=\"_blank\" rel=\"noreferrer noopener\"><strong>Leer aqu\u00ed el instructivo de la matr\u00edcula 2026<\/strong><\/a><\/li>\n\n\n\n<li class=\"has-vivid-red-color has-text-color has-link-color wp-elements-0d9664c591b2e702e6f6d65577a14df0\"><strong><a href=\"https:\/\/docs.google.com\/forms\/d\/e\/1FAIpQLSc0GW5tEMwrQWz2UI7gfe2Hk0z15oVMqwFm4XpvbhBxnnvZbA\/viewform\" target=\"_blank\" rel=\"noreferrer noopener\">Formulario de inscripci\u00f3n 2026<\/a> <\/strong><\/li>\n\n\n\n<li>Fotocopia de DNI (domicilio actualizado)<\/li>\n\n\n\n<li>Fotos Carnet 4\u00d74 (2 dos)<\/li>\n\n\n\n<li>Certificado anal\u00edtico del Nivel Secundario (original y copia), o constancia de certificado de estudios en tr\u00e1mite (60 d\u00edas de validez). Para quien debe materias certificado de haber finalizado el Nivel Secundario.<\/li>\n\n\n\n<li>Certificado Apto Psico-F\u00edsico (l\u00edmite de entrega abril de 2026)\u00a0\u00a0<strong><a href=\"https:\/\/drive.google.com\/file\/d\/1qe4tRcoTfW2f1qYRBNUQkg65o_cN3q0e\/view?usp=sharing\" target=\"_blank\" rel=\"noreferrer noopener\">CLICK AQU\u00cd\u00a0<\/a><\/strong><\/li>\n\n\n\n<li>Partida de nacimiento (original y copia)<\/li>\n<\/ul>\n\n\n\n<h4 class=\"wp-block-heading has-text-align-center has-medium-font-size\"><strong>M\u00e1s informaci\u00f3n en Secretar\u00eda<\/strong><\/h4>\n\n\n\n<p class=\"has-text-align-center has-medium-font-size\">Ante cualquier consulta escribinos a:<\/p>\n\n\n\n<p class=\"has-text-align-center has-medium-font-size\">secretaria.sf@gmail.com <\/p>\n\n\n\n<p class=\"has-text-align-center has-medium-font-size\">o llamarnos al 03541-451532\/ 03541-450838 de 15:00 a 20:00 hs.<\/p>\n\n\n\n<p class=\"has-text-align-center has-medium-font-size\">Palem\u00f3n Carranza 549 \u2013 Cosqu\u00edn \u2013 C\u00f3rdoba<\/p>\n\n\n\n<p class=\"has-text-align-center has-medium-font-size\">Adem\u00e1s nos podes encontrar en:&nbsp;<a rel=\"noreferrer noopener\" href=\"https:\/\/web.facebook.com\/PROFESORADOSAGRADAFAMILIA\" target=\"_blank\">FACEBOOK<\/a><\/p>\n","protected":false},"excerpt":{"rendered":"<p>La matr\u00edcula para el a\u00f1o 2026, se encuentra abierta a partir de este mes de octubre de 2025. Documentaci\u00f3n para matricularse: M\u00e1s informaci\u00f3n en Secretar\u00eda Ante cualquier consulta escribinos a: secretaria.sf@gmail.com o llamarnos al 03541-451532\/ 03541-450838 de 15:00 a 20:00 hs. Palem\u00f3n Carranza 549 \u2013 Cosqu\u00edn \u2013 C\u00f3rdoba Adem\u00e1s nos podes encontrar en:&nbsp;FACEBOOK<\/p>\n","protected":false},"author":1,"featured_media":0,"parent":0,"menu_order":0,"comment_status":"closed","ping_status":"closed","template":"","meta":{"cybocfi_hide_featured_image":"","footnotes":""},"class_list":["post-1372","page","type-page","status-publish","hentry"],"jetpack_sharing_enabled":true,"_links":{"self":[{"href":"https:\/\/isf.edu.ar\/colegio2020\/wp-json\/wp\/v2\/pages\/1372","targetHints":{"allow":["GET"]}}],"collection":[{"href":"https:\/\/isf.edu.ar\/colegio2020\/wp-json\/wp\/v2\/pages"}],"about":[{"href":"https:\/\/isf.edu.ar\/colegio2020\/wp-json\/wp\/v2\/types\/page"}],"author":[{"embeddable":true,"href":"https:\/\/isf.edu.ar\/colegio2020\/wp-json\/wp\/v2\/users\/1"}],"replies":[{"embeddable":true,"href":"https:\/\/isf.edu.ar\/colegio2020\/wp-json\/wp\/v2\/comments?post=1372"}],"version-history":[{"count":27,"href":"https:\/\/isf.edu.ar\/colegio2020\/wp-json\/wp\/v2\/pages\/1372\/revisions"}],"predecessor-version":[{"id":2428,"href":"https:\/\/isf.edu.ar\/colegio2020\/wp-json\/wp\/v2\/pages\/1372\/revisions\/2428"}],"wp:attachment":[{"href":"https:\/\/isf.edu.ar\/colegio2020\/wp-json\/wp\/v2\/media?parent=1372"}],"curies":[{"name":"wp","href":"https:\/\/api.w.org\/{rel}","templated":true}]}}