{"id":134,"date":"2019-06-14T22:03:59","date_gmt":"2019-06-14T20:03:59","guid":{"rendered":"https:\/\/isf.edu.ar\/colegio2020\/?page_id=134"},"modified":"2026-03-23T20:25:29","modified_gmt":"2026-03-23T23:25:29","slug":"contactos","status":"publish","type":"page","link":"https:\/\/isf.edu.ar\/colegio2020\/contactos\/","title":{"rendered":"Contactos"},"content":{"rendered":"\n<h2 class=\"wp-block-heading has-text-align-center\">Informaci\u00f3n de contacto<\/h2>\n\n\n\n<p class=\"has-text-align-center\">Colegio e Instituto Sagrada Familia<\/p>\n\n\n\n<p class=\"has-text-align-center\">Palem\u00f3n Carranza 549 &#8211; CP 5166\u00a0<\/p>\n\n\n\n<p class=\"has-text-align-center\">&nbsp; &nbsp;Cosqu\u00edn &#8211; C\u00f3rdoba &#8211; Argentina<\/p>\n\n\n\n<p class=\"has-text-align-center\">Tel\u00e9fono: (03541) 451532 \/ 450838<\/p>\n\n\n\n<p><\/p>\n\n\n\n<p><\/p>\n\n\n\n<iframe loading=\"lazy\" src=\"https:\/\/www.google.com\/maps\/embed?pb=!1m14!1m8!1m3!1d3411.377624889753!2d-64.466631!3d-31.237967999999995!3m2!1i1024!2i768!4f13.1!3m3!1m2!1s0x0%3A0xf85e6ba803e0e7ec!2sInstituto+Sagrada+Familia!5e0!3m2!1ses!2sar!4v1562273625710!5m2\n!1ses!2sar\" width=\"600\" height=\"450\" frameborder=\"0\" style=\"border:0\" allowfullscreen><\/iframe>\n\n\n<div class=\"wpforms-container wpforms-container-full wpforms-block wpforms-block-22c38356-7f24-46ea-8a2d-eb5b2a770310\" id=\"wpforms-451\"><form id=\"wpforms-form-451\" class=\"wpforms-validate wpforms-form\" data-formid=\"451\" method=\"post\" enctype=\"multipart\/form-data\" action=\"\/colegio2020\/wp-json\/wp\/v2\/pages\/134\" data-token=\"485588b8e0f6e575296c0a3cfdfc841c\" data-token-time=\"1776771013\"><noscript class=\"wpforms-error-noscript\">Por favor, activa JavaScript en tu navegador para completar este formulario.<\/noscript><div class=\"wpforms-field-container\"><div id=\"wpforms-451-field_0-container\" class=\"wpforms-field wpforms-field-name\" data-field-id=\"0\"><label class=\"wpforms-field-label\">Nombre <span class=\"wpforms-required-label\">*<\/span><\/label><div class=\"wpforms-field-row wpforms-field-medium\"><div class=\"wpforms-field-row-block wpforms-first wpforms-one-half\"><input type=\"text\" id=\"wpforms-451-field_0\" class=\"wpforms-field-name-first wpforms-field-required\" name=\"wpforms[fields][0][first]\" required><label for=\"wpforms-451-field_0\" class=\"wpforms-field-sublabel after\">Nombre<\/label><\/div><div class=\"wpforms-field-row-block wpforms-one-half\"><input type=\"text\" id=\"wpforms-451-field_0-last\" class=\"wpforms-field-name-last wpforms-field-required\" name=\"wpforms[fields][0][last]\" required><label for=\"wpforms-451-field_0-last\" class=\"wpforms-field-sublabel after\">Apellidos<\/label><\/div><\/div><\/div><div id=\"wpforms-451-field_1-container\" class=\"wpforms-field wpforms-field-email\" data-field-id=\"1\"><label class=\"wpforms-field-label\" for=\"wpforms-451-field_1\">Correo electr\u00f3nico <span class=\"wpforms-required-label\">*<\/span><\/label><input type=\"email\" id=\"wpforms-451-field_1\" class=\"wpforms-field-medium wpforms-field-required\" name=\"wpforms[fields][1]\" spellcheck=\"false\" required><\/div><div id=\"wpforms-451-field_2-container\" class=\"wpforms-field wpforms-field-textarea\" data-field-id=\"2\"><label class=\"wpforms-field-label\" for=\"wpforms-451-field_2\">Comentario o mensaje<\/label><textarea id=\"wpforms-451-field_2\" class=\"wpforms-field-medium\" name=\"wpforms[fields][2]\" ><\/textarea><\/div><\/div><!-- .wpforms-field-container --><div class=\"wpforms-field wpforms-field-hp\"><label for=\"wpforms-451-field-hp\" class=\"wpforms-field-label\">Email<\/label><input type=\"text\" name=\"wpforms[hp]\" id=\"wpforms-451-field-hp\" class=\"wpforms-field-medium\"><\/div><div class=\"wpforms-submit-container\" ><input type=\"hidden\" name=\"wpforms[id]\" value=\"451\"><input type=\"hidden\" name=\"page_title\" value=\"\"><input type=\"hidden\" name=\"page_url\" value=\"https:\/\/isf.edu.ar\/colegio2020\/wp-json\/wp\/v2\/pages\/134\"><input type=\"hidden\" name=\"url_referer\" value=\"\"><button type=\"submit\" name=\"wpforms[submit]\" id=\"wpforms-submit-451\" class=\"wpforms-submit\" data-alt-text=\"Enviando...\" data-submit-text=\"Enviar\" aria-live=\"assertive\" value=\"wpforms-submit\">Enviar<\/button><\/div><\/form><\/div>  <!-- .wpforms-container -->","protected":false},"excerpt":{"rendered":"<p>Informaci\u00f3n de contacto Colegio e Instituto Sagrada Familia Palem\u00f3n Carranza 549 &#8211; CP 5166\u00a0 &nbsp; &nbsp;Cosqu\u00edn &#8211; C\u00f3rdoba &#8211; Argentina Tel\u00e9fono: (03541) 451532 \/ 450838<\/p>\n","protected":false},"author":1,"featured_media":0,"parent":0,"menu_order":0,"comment_status":"closed","ping_status":"closed","template":"","meta":{"cybocfi_hide_featured_image":"","footnotes":""},"class_list":["post-134","page","type-page","status-publish","hentry"],"jetpack_sharing_enabled":true,"_links":{"self":[{"href":"https:\/\/isf.edu.ar\/colegio2020\/wp-json\/wp\/v2\/pages\/134","targetHints":{"allow":["GET"]}}],"collection":[{"href":"https:\/\/isf.edu.ar\/colegio2020\/wp-json\/wp\/v2\/pages"}],"about":[{"href":"https:\/\/isf.edu.ar\/colegio2020\/wp-json\/wp\/v2\/types\/page"}],"author":[{"embeddable":true,"href":"https:\/\/isf.edu.ar\/colegio2020\/wp-json\/wp\/v2\/users\/1"}],"replies":[{"embeddable":true,"href":"https:\/\/isf.edu.ar\/colegio2020\/wp-json\/wp\/v2\/comments?post=134"}],"version-history":[{"count":9,"href":"https:\/\/isf.edu.ar\/colegio2020\/wp-json\/wp\/v2\/pages\/134\/revisions"}],"predecessor-version":[{"id":2596,"href":"https:\/\/isf.edu.ar\/colegio2020\/wp-json\/wp\/v2\/pages\/134\/revisions\/2596"}],"wp:attachment":[{"href":"https:\/\/isf.edu.ar\/colegio2020\/wp-json\/wp\/v2\/media?parent=134"}],"curies":[{"name":"wp","href":"https:\/\/api.w.org\/{rel}","templated":true}]}}